{"id":100,"date":"2020-10-10T15:08:32","date_gmt":"2020-10-10T15:08:32","guid":{"rendered":"https:\/\/demo.themedraft.net\/wp\/borex\/?page_id=100"},"modified":"2024-09-16T17:40:23","modified_gmt":"2024-09-16T17:40:23","slug":"hizmetlerimiz","status":"publish","type":"page","link":"https:\/\/yamanlarkocaeli.com\/index.php\/hizmetlerimiz\/","title":{"rendered":"Hizmetlerimiz"},"content":{"rendered":"\t\t<div data-elementor-type=\"wp-page\" data-elementor-id=\"100\" class=\"elementor elementor-100\">\n\t\t\t\t\t\t<section class=\"elementor-section elementor-top-section elementor-element elementor-element-db6bf3d elementor-section-stretched elementor-section-boxed elementor-section-height-default elementor-section-height-default\" data-id=\"db6bf3d\" data-element_type=\"section\" data-settings=\"{&quot;stretch_section&quot;:&quot;section-stretched&quot;,&quot;background_background&quot;:&quot;classic&quot;}\">\n\t\t\t\t\t\t<div class=\"elementor-container elementor-column-gap-default\">\n\t\t\t\t\t<div class=\"elementor-column elementor-col-100 elementor-top-column elementor-element elementor-element-a075011\" data-id=\"a075011\" data-element_type=\"column\">\n\t\t\t<div class=\"elementor-widget-wrap elementor-element-populated\">\n\t\t\t\t\t\t<div class=\"elementor-element elementor-element-5759325 elementor-widget elementor-widget-themedraft_section_title_widget\" data-id=\"5759325\" data-element_type=\"widget\" data-widget_type=\"themedraft_section_title_widget.default\">\n\t\t\t\t<div class=\"elementor-widget-container\">\n\t\t\t\n\t\t<div class=\"td-section-title-wrapper wow fadeInUp\" data-wow-duration=\"1.25s\" data-wow-delay=\"0ms\">\n\t\t\t<div class=\"td-section-title-content\">\n                \t\t\t\t<div class=\"td-section-subtitle td-border-left-right\">\n\t\t\t\t\t<h6 class=\"td-subtitle\">YAMANLAR OTO EKSPERT\u0130Z KOCAEL\u0130 \u015eUBES\u0130<\/h6>\n\t\t\t\t<\/div>\n                \n\t\t\t\t<div class=\"td-section-title\">\n\t\t\t\t\t<h2 class=\"td-title\">H\u0130ZMETLER\u0130M\u0130Z<\/h2>\n\t\t\t\t<\/div>\n\n                \t\t\t<\/div>\n\t\t<\/div>\n\n\t\t\t\t<\/div>\n\t\t\t\t<\/div>\n\t\t\t\t\t<\/div>\n\t\t<\/div>\n\t\t\t\t\t<\/div>\n\t\t<\/section>\n\t\t\t\t<section class=\"elementor-section elementor-top-section elementor-element elementor-element-7362eb2 elementor-section-stretched elementor-section-boxed elementor-section-height-default elementor-section-height-default\" data-id=\"7362eb2\" data-element_type=\"section\" data-settings=\"{&quot;stretch_section&quot;:&quot;section-stretched&quot;,&quot;background_background&quot;:&quot;classic&quot;}\">\n\t\t\t\t\t\t<div class=\"elementor-container elementor-column-gap-default\">\n\t\t\t\t\t<div class=\"elementor-column elementor-col-100 elementor-top-column elementor-element elementor-element-9e6b8a7\" data-id=\"9e6b8a7\" data-element_type=\"column\">\n\t\t\t<div class=\"elementor-widget-wrap elementor-element-populated\">\n\t\t\t\t\t\t<div class=\"elementor-element elementor-element-4d30ff4 elementor-widget elementor-widget-themedraft_service_box_one\" data-id=\"4d30ff4\" data-element_type=\"widget\" data-widget_type=\"themedraft_service_box_one.default\">\n\t\t\t\t<div class=\"elementor-widget-container\">\n\t\t\t\n\t\t<div class=\"td-service-one-wrapper\">\n            <div class=\"row\">\n\n\t            \n                        <div class=\"col-lg-4 col-md-12\">\n                            <div class=\"td-single-service-box wow fadeInUp\" data-wow-duration=\"1.25s\" data-wow-delay=\"0ms\">\n                                <div class=\"td-service-image\">\n                                    <img decoding=\"async\" class=\"td-service-thumb\" src=\"\" alt=\"\">\n                                <\/div>\n\n                                <div class=\"td-service-content\">\n                                    <div class=\"td-service-icon\">\n\t\t                                                                            <div class=\"td-icon-wrapper td-font-icon\">\n\t\t\t\t                                <i aria-hidden=\"true\" class=\"td-icon flaticon-business-speed\"><\/i>                                            <\/div>\n\t\t                                                                    <\/div>\n\n                                    <h4 class=\"td-service-title\">Kaporta Kontrol\u00fc<\/h4>\n\n                                    <a class=\"td-service-url\" href=\"https:\/\/yamanlarkocaeli.com\/index.php\/oto-ekspertiz-kaporta-kontrolu\/\" >Daha Fazla Bilgi Al<\/a>\n                                <\/div>\n                            <\/div>\n                        <\/div>\n\n\t\t\t            \n                        <div class=\"col-lg-4 col-md-12\">\n                            <div class=\"td-single-service-box wow fadeInUp\" data-wow-duration=\"1.25s\" data-wow-delay=\"0ms\">\n                                <div class=\"td-service-image\">\n                                    <img decoding=\"async\" class=\"td-service-thumb\" src=\"\" alt=\"\">\n                                <\/div>\n\n                                <div class=\"td-service-content\">\n                                    <div class=\"td-service-icon\">\n\t\t                                                                            <div class=\"td-icon-wrapper td-font-icon\">\n\t\t\t\t                                <i aria-hidden=\"true\" class=\"td-icon flaticon-business-speed\"><\/i>                                            <\/div>\n\t\t                                                                    <\/div>\n\n                                    <h4 class=\"td-service-title\">Boya Kontrol\u00fc<\/h4>\n\n                                    <a class=\"td-service-url\" href=\"https:\/\/yamanlarkocaeli.com\/index.php\/oto-ekspertiz-boya-kontrolu\/\" >Daha Fazla Bilgi Al<\/a>\n                                <\/div>\n                            <\/div>\n                        <\/div>\n\n\t\t\t            \n                        <div class=\"col-lg-4 col-md-12\">\n                            <div class=\"td-single-service-box wow fadeInUp\" data-wow-duration=\"1.25s\" data-wow-delay=\"0ms\">\n                                <div class=\"td-service-image\">\n                                    <img decoding=\"async\" class=\"td-service-thumb\" src=\"\" alt=\"\">\n                                <\/div>\n\n                                <div class=\"td-service-content\">\n                                    <div class=\"td-service-icon\">\n\t\t                                                                            <div class=\"td-icon-wrapper td-font-icon\">\n\t\t\t\t                                <i aria-hidden=\"true\" class=\"td-icon flaticon-business-speed\"><\/i>                                            <\/div>\n\t\t                                                                    <\/div>\n\n                                    <h4 class=\"td-service-title\">Motor Kontrol\u00fc<\/h4>\n\n                                    <a class=\"td-service-url\" href=\"https:\/\/yamanlarkocaeli.com\/index.php\/oto-ekspertiz-motor-kontrolu\/\" >Daha Fazla Bilgi Al<\/a>\n                                <\/div>\n                            <\/div>\n                        <\/div>\n\n\t\t\t            \n                        <div class=\"col-lg-4 col-md-12\">\n                            <div class=\"td-single-service-box wow fadeInUp\" data-wow-duration=\"1.25s\" data-wow-delay=\"0ms\">\n                                <div class=\"td-service-image\">\n                                    <img decoding=\"async\" class=\"td-service-thumb\" src=\"\" alt=\"\">\n                                <\/div>\n\n                                <div class=\"td-service-content\">\n                                    <div class=\"td-service-icon\">\n\t\t                                                                            <div class=\"td-icon-wrapper td-font-icon\">\n\t\t\t\t                                <i aria-hidden=\"true\" class=\"td-icon flaticon-business-speed\"><\/i>                                            <\/div>\n\t\t                                                                    <\/div>\n\n                                    <h4 class=\"td-service-title\">\u015eanz\u0131man Kontrol\u00fc<\/h4>\n\n                                    <a class=\"td-service-url\" href=\"https:\/\/yamanlarkocaeli.com\/index.php\/oto-ekspertiz-sanziman-kontrolu\/\" >Daha Fazla Bilgi Al<\/a>\n                                <\/div>\n                            <\/div>\n                        <\/div>\n\n\t\t\t            \n                        <div class=\"col-lg-4 col-md-12\">\n                            <div class=\"td-single-service-box wow fadeInUp\" data-wow-duration=\"1.25s\" data-wow-delay=\"0ms\">\n                                <div class=\"td-service-image\">\n                                    <img decoding=\"async\" class=\"td-service-thumb\" src=\"\" alt=\"\">\n                                <\/div>\n\n                                <div class=\"td-service-content\">\n                                    <div class=\"td-service-icon\">\n\t\t                                                                            <div class=\"td-icon-wrapper td-font-icon\">\n\t\t\t\t                                <i aria-hidden=\"true\" class=\"td-icon flaticon-business-speed\"><\/i>                                            <\/div>\n\t\t                                                                    <\/div>\n\n                                    <h4 class=\"td-service-title\">Mekanik Kontrol<\/h4>\n\n                                    <a class=\"td-service-url\" href=\"https:\/\/yamanlarkocaeli.com\/index.php\/oto-ekspertiz-mekanik-kontrolu\" >Daha Fazla Bilgi Al<\/a>\n                                <\/div>\n                            <\/div>\n                        <\/div>\n\n\t\t\t            \n                        <div class=\"col-lg-4 col-md-12\">\n                            <div class=\"td-single-service-box wow fadeInUp\" data-wow-duration=\"1.25s\" data-wow-delay=\"0ms\">\n                                <div class=\"td-service-image\">\n                                    <img decoding=\"async\" class=\"td-service-thumb\" src=\"\" alt=\"\">\n                                <\/div>\n\n                                <div class=\"td-service-content\">\n                                    <div class=\"td-service-icon\">\n\t\t                                                                            <div class=\"td-icon-wrapper td-font-icon\">\n\t\t\t\t                                <i aria-hidden=\"true\" class=\"td-icon flaticon-business-speed\"><\/i>                                            <\/div>\n\t\t                                                                    <\/div>\n\n                                    <h4 class=\"td-service-title\">Lift Ara\u00e7 Alt Kontrol<\/h4>\n\n                                    <a class=\"td-service-url\" href=\"https:\/\/yamanlarkocaeli.com\/index.php\/oto-ekspertiz-lift-arac-alt-kontrolu\" >Daha Fazla Bilgi Al<\/a>\n                                <\/div>\n                            <\/div>\n                        <\/div>\n\n\t\t\t            \n                        <div class=\"col-lg-4 col-md-12\">\n                            <div class=\"td-single-service-box wow fadeInUp\" data-wow-duration=\"1.25s\" data-wow-delay=\"0ms\">\n                                <div class=\"td-service-image\">\n                                    <img decoding=\"async\" class=\"td-service-thumb\" src=\"\" alt=\"\">\n                                <\/div>\n\n                                <div class=\"td-service-content\">\n                                    <div class=\"td-service-icon\">\n\t\t                                                                            <div class=\"td-icon-wrapper td-font-icon\">\n\t\t\t\t                                <i aria-hidden=\"true\" class=\"td-icon flaticon-business-speed\"><\/i>                                            <\/div>\n\t\t                                                                    <\/div>\n\n                                    <h4 class=\"td-service-title\">Tramer Sorgulama<\/h4>\n\n                                    <a class=\"td-service-url\" href=\"https:\/\/yamanlarkocaeli.com\/index.php\/oto-ekspertiz-tramer-sorgulama\" >Daha Fazla Bilgi Al<\/a>\n                                <\/div>\n                            <\/div>\n                        <\/div>\n\n\t\t\t            \n                        <div class=\"col-lg-4 col-md-12\">\n                            <div class=\"td-single-service-box wow fadeInUp\" data-wow-duration=\"1.25s\" data-wow-delay=\"0ms\">\n                                <div class=\"td-service-image\">\n                                    <img decoding=\"async\" class=\"td-service-thumb\" src=\"\" alt=\"\">\n                                <\/div>\n\n                                <div class=\"td-service-content\">\n                                    <div class=\"td-service-icon\">\n\t\t                                                                            <div class=\"td-icon-wrapper td-font-icon\">\n\t\t\t\t                                <i aria-hidden=\"true\" class=\"td-icon flaticon-business-speed\"><\/i>                                            <\/div>\n\t\t                                                                    <\/div>\n\n                                    <h4 class=\"td-service-title\">OBD Beyin Kontrol<\/h4>\n\n                                    <a class=\"td-service-url\" href=\"https:\/\/yamanlarkocaeli.com\/index.php\/oto-ekspertiz-obd-beyin-kontrolu\" >Daha Fazla Bilgi Al<\/a>\n                                <\/div>\n                            <\/div>\n                        <\/div>\n\n\t\t\t            \n                        <div class=\"col-lg-4 col-md-12\">\n                            <div class=\"td-single-service-box wow fadeInUp\" data-wow-duration=\"1.25s\" data-wow-delay=\"0ms\">\n                                <div class=\"td-service-image\">\n                                    <img decoding=\"async\" class=\"td-service-thumb\" src=\"\" alt=\"\">\n                                <\/div>\n\n                                <div class=\"td-service-content\">\n                                    <div class=\"td-service-icon\">\n\t\t                                                                            <div class=\"td-icon-wrapper td-font-icon\">\n\t\t\t\t                                <i aria-hidden=\"true\" class=\"td-icon flaticon-business-speed\"><\/i>                                            <\/div>\n\t\t                                                                    <\/div>\n\n                                    <h4 class=\"td-service-title\">DYNO Test<\/h4>\n\n                                    <a class=\"td-service-url\" href=\"https:\/\/yamanlarkocaeli.com\/index.php\/oto-ekspertiz-dyno-test\/\" >Daha Fazla Bilgi Al<\/a>\n                                <\/div>\n                            <\/div>\n                        <\/div>\n\n\t\t\t            \n                        <div class=\"col-lg-4 col-md-12\">\n                            <div class=\"td-single-service-box wow fadeInUp\" data-wow-duration=\"1.25s\" data-wow-delay=\"0ms\">\n                                <div class=\"td-service-image\">\n                                    <img decoding=\"async\" class=\"td-service-thumb\" src=\"\" alt=\"\">\n                                <\/div>\n\n                                <div class=\"td-service-content\">\n                                    <div class=\"td-service-icon\">\n\t\t                                                                            <div class=\"td-icon-wrapper td-font-icon\">\n\t\t\t\t                                <i aria-hidden=\"true\" class=\"td-icon flaticon-business-speed\"><\/i>                                            <\/div>\n\t\t                                                                    <\/div>\n\n                                    <h4 class=\"td-service-title\">Yol Testi<\/h4>\n\n                                    <a class=\"td-service-url\" href=\"https:\/\/yamanlarkocaeli.com\/index.php\/oto-ekspertiz-yol-testi\/\" >Daha Fazla Bilgi Al<\/a>\n                                <\/div>\n                            <\/div>\n                        <\/div>\n\n\t\t\t            \n                        <div class=\"col-lg-4 col-md-12\">\n                            <div class=\"td-single-service-box wow fadeInUp\" data-wow-duration=\"1.25s\" data-wow-delay=\"0ms\">\n                                <div class=\"td-service-image\">\n                                    <img decoding=\"async\" class=\"td-service-thumb\" src=\"\" alt=\"\">\n                                <\/div>\n\n                                <div class=\"td-service-content\">\n                                    <div class=\"td-service-icon\">\n\t\t                                                                            <div class=\"td-icon-wrapper td-font-icon\">\n\t\t\t\t                                <i aria-hidden=\"true\" class=\"td-icon flaticon-business-speed\"><\/i>                                            <\/div>\n\t\t                                                                    <\/div>\n\n                                    <h4 class=\"td-service-title\">S\u00fcspansiyon Testi<\/h4>\n\n                                    <a class=\"td-service-url\" href=\"https:\/\/yamanlarkocaeli.com\/index.php\/oto-ekspertiz-suspansiyon-testi\/\" >Daha Fazla Bilgi Al<\/a>\n                                <\/div>\n                            <\/div>\n                        <\/div>\n\n\t\t\t            \n                        <div class=\"col-lg-4 col-md-12\">\n                            <div class=\"td-single-service-box wow fadeInUp\" data-wow-duration=\"1.25s\" data-wow-delay=\"0ms\">\n                                <div class=\"td-service-image\">\n                                    <img decoding=\"async\" class=\"td-service-thumb\" src=\"\" alt=\"\">\n                                <\/div>\n\n                                <div class=\"td-service-content\">\n                                    <div class=\"td-service-icon\">\n\t\t                                                                            <div class=\"td-icon-wrapper td-font-icon\">\n\t\t\t\t                                <i aria-hidden=\"true\" class=\"td-icon flaticon-business-speed\"><\/i>                                            <\/div>\n\t\t                                                                    <\/div>\n\n                                    <h4 class=\"td-service-title\">Yanal Kayma Testi<\/h4>\n\n                                    <a class=\"td-service-url\" href=\"https:\/\/yamanlarkocaeli.com\/index.php\/oto-ekspertiz-yanal-kayma-testi\/\" >Daha Fazla Bilgi Al<\/a>\n                                <\/div>\n                            <\/div>\n                        <\/div>\n\n\t\t\t            \n                        <div class=\"col-lg-4 col-md-12\">\n                            <div class=\"td-single-service-box wow fadeInUp\" data-wow-duration=\"1.25s\" data-wow-delay=\"0ms\">\n                                <div class=\"td-service-image\">\n                                    <img decoding=\"async\" class=\"td-service-thumb\" src=\"\" alt=\"\">\n                                <\/div>\n\n                                <div class=\"td-service-content\">\n                                    <div class=\"td-service-icon\">\n\t\t                                                                            <div class=\"td-icon-wrapper td-font-icon\">\n\t\t\t\t                                <i aria-hidden=\"true\" class=\"td-icon flaticon-business-speed\"><\/i>                                            <\/div>\n\t\t                                                                    <\/div>\n\n                                    <h4 class=\"td-service-title\">\u0130\u00e7 Aksam Kontrol\u00fc<\/h4>\n\n                                    <a class=\"td-service-url\" href=\"https:\/\/yamanlarkocaeli.com\/index.php\/oto-ekspertiz-ic-aksam-kontrolu\/\" >Daha Fazla Bilgi Al<\/a>\n                                <\/div>\n                            <\/div>\n                        <\/div>\n\n\t\t\t            \n                        <div class=\"col-lg-4 col-md-12\">\n                            <div class=\"td-single-service-box wow fadeInUp\" data-wow-duration=\"1.25s\" data-wow-delay=\"0ms\">\n                                <div class=\"td-service-image\">\n                                    <img decoding=\"async\" class=\"td-service-thumb\" src=\"\" alt=\"\">\n                                <\/div>\n\n                                <div class=\"td-service-content\">\n                                    <div class=\"td-service-icon\">\n\t\t                                                                            <div class=\"td-icon-wrapper td-font-icon\">\n\t\t\t\t                                <i aria-hidden=\"true\" class=\"td-icon flaticon-business-speed\"><\/i>                                            <\/div>\n\t\t                                                                    <\/div>\n\n                                    <h4 class=\"td-service-title\">Airbag Kontrol\u00fc<\/h4>\n\n                                    <a class=\"td-service-url\" href=\"https:\/\/yamanlarkocaeli.com\/index.php\/oto-ekspertiz-airbag-kontrolu\/\" >Daha Fazla Bilgi Al<\/a>\n                                <\/div>\n                            <\/div>\n                        <\/div>\n\n\t\t\t            \n                        <div class=\"col-lg-4 col-md-12\">\n                            <div class=\"td-single-service-box wow fadeInUp\" data-wow-duration=\"1.25s\" data-wow-delay=\"0ms\">\n                                <div class=\"td-service-image\">\n                                    <img decoding=\"async\" class=\"td-service-thumb\" src=\"\" alt=\"\">\n                                <\/div>\n\n                                <div class=\"td-service-content\">\n                                    <div class=\"td-service-icon\">\n\t\t                                                                            <div class=\"td-icon-wrapper td-font-icon\">\n\t\t\t\t                                <i aria-hidden=\"true\" class=\"td-icon flaticon-business-speed\"><\/i>                                            <\/div>\n\t\t                                                                    <\/div>\n\n                                    <h4 class=\"td-service-title\">Conta Ka\u00e7ak Kontrol\u00fc<\/h4>\n\n                                    <a class=\"td-service-url\" href=\"https:\/\/yamanlarkocaeli.com\/index.php\/oto-ekspertiz-conta-kacak-kontrolu\/\" >Daha Fazla Bilgi Al<\/a>\n                                <\/div>\n                            <\/div>\n                        <\/div>\n\n\t\t\t                        <\/div>\n\t\t<\/div>\n\n\t\t\t\t<\/div>\n\t\t\t\t<\/div>\n\t\t\t\t\t<\/div>\n\t\t<\/div>\n\t\t\t\t\t<\/div>\n\t\t<\/section>\n\t\t\t\t<\/div>\n\t\t","protected":false},"excerpt":{"rendered":"<p>YAMANLAR OTO EKSPERT\u0130Z KOCAEL\u0130 \u015eUBES\u0130 H\u0130ZMETLER\u0130M\u0130Z Kaporta Kontrol\u00fc Daha Fazla Bilgi Al Boya Kontrol\u00fc Daha Fazla Bilgi Al Motor Kontrol\u00fc Daha Fazla Bilgi Al \u015eanz\u0131man Kontrol\u00fc Daha Fazla Bilgi Al Mekanik Kontrol Daha Fazla Bilgi Al Lift Ara\u00e7 Alt Kontrol Daha Fazla Bilgi Al Tramer Sorgulama Daha Fazla Bilgi Al OBD Beyin Kontrol Daha Fazla [&hellip;]<\/p>\n","protected":false},"author":1,"featured_media":0,"parent":0,"menu_order":0,"comment_status":"closed","ping_status":"closed","template":"","meta":{"footnotes":""},"class_list":["post-100","page","type-page","status-publish","hentry"],"_links":{"self":[{"href":"https:\/\/yamanlarkocaeli.com\/index.php\/wp-json\/wp\/v2\/pages\/100","targetHints":{"allow":["GET"]}}],"collection":[{"href":"https:\/\/yamanlarkocaeli.com\/index.php\/wp-json\/wp\/v2\/pages"}],"about":[{"href":"https:\/\/yamanlarkocaeli.com\/index.php\/wp-json\/wp\/v2\/types\/page"}],"author":[{"embeddable":true,"href":"https:\/\/yamanlarkocaeli.com\/index.php\/wp-json\/wp\/v2\/users\/1"}],"replies":[{"embeddable":true,"href":"https:\/\/yamanlarkocaeli.com\/index.php\/wp-json\/wp\/v2\/comments?post=100"}],"version-history":[{"count":9,"href":"https:\/\/yamanlarkocaeli.com\/index.php\/wp-json\/wp\/v2\/pages\/100\/revisions"}],"predecessor-version":[{"id":648,"href":"https:\/\/yamanlarkocaeli.com\/index.php\/wp-json\/wp\/v2\/pages\/100\/revisions\/648"}],"wp:attachment":[{"href":"https:\/\/yamanlarkocaeli.com\/index.php\/wp-json\/wp\/v2\/media?parent=100"}],"curies":[{"name":"wp","href":"https:\/\/api.w.org\/{rel}","templated":true}]}}