{"id":120,"date":"2020-10-10T15:14:36","date_gmt":"2020-10-10T15:14:36","guid":{"rendered":"https:\/\/demo.themedraft.net\/wp\/borex\/?page_id=120"},"modified":"2024-09-16T13:04:00","modified_gmt":"2024-09-16T13:04:00","slug":"hakkimizda","status":"publish","type":"page","link":"https:\/\/yamanlarkocaeli.com\/index.php\/hakkimizda\/","title":{"rendered":"Hakk\u0131m\u0131zda"},"content":{"rendered":"\t\t<div data-elementor-type=\"wp-page\" data-elementor-id=\"120\" class=\"elementor elementor-120\">\n\t\t\t\t<div class=\"elementor-element elementor-element-ba6359e e-flex e-con-boxed e-con e-parent\" data-id=\"ba6359e\" data-element_type=\"container\">\n\t\t\t\t\t<div class=\"e-con-inner\">\n\t\t<div class=\"elementor-element elementor-element-4747d08 e-con-full e-flex e-con e-child\" data-id=\"4747d08\" data-element_type=\"container\">\n\t\t\t\t<\/div>\n\t\t\t\t\t<\/div>\n\t\t\t\t<\/div>\n\t\t<div class=\"elementor-element elementor-element-0c75b1c e-flex e-con-boxed e-con e-parent\" data-id=\"0c75b1c\" data-element_type=\"container\">\n\t\t\t\t\t<div class=\"e-con-inner\">\n\t\t\t\t<div class=\"elementor-element elementor-element-caa12b5 elementor-widget elementor-widget-themedraft_section_title_widget\" data-id=\"caa12b5\" data-element_type=\"widget\" data-widget_type=\"themedraft_section_title_widget.default\">\n\t\t\t\t<div class=\"elementor-widget-container\">\n\t\t\t\n\t\t<div class=\"td-section-title-wrapper wow fadeInUp\" data-wow-duration=\"1.25s\" data-wow-delay=\"0ms\">\n\t\t\t<div class=\"td-section-title-content\">\n                \t\t\t\t<div class=\"td-section-subtitle td-border-right\">\n\t\t\t\t\t<h6 class=\"td-subtitle\">YAMANLAR OTO EKSPERT\u0130Z KOCAEL\u0130 \u015eUBES\u0130<\/h6>\n\t\t\t\t<\/div>\n                \n\t\t\t\t<div class=\"td-section-title\">\n\t\t\t\t\t<h2 class=\"td-title\">Yamanlar Ba\u011f\u0131ms\u0131z Oto Expertiz<br \/>\n<\/h2>\n\t\t\t\t<\/div>\n\n                \t\t\t\t<div class=\"td-section-description\">\n                    <p>YAMANLAR, teknik cihaz, ekipman ve robotlarla ikinci el ara\u00e7lar\u0131n kaza\/ar\u0131za durumlar\u0131n\u0131 test ve muayene edip detayl\u0131 oto ekspertiz raporu d\u00fczenleyen, T\u00fcrkiye\u2019nin ilk profesyonel, tarafs\u0131z, ba\u011f\u0131ms\u0131z ve tam donan\u0131ml\u0131 oto ekspertiz kurulu\u015fu ve ikinci el oto test check-up merkezidir.\u00a0<\/p>\t\t\t\t<\/div>\n                \t\t\t<\/div>\n\t\t<\/div>\n\n\t\t\t\t<\/div>\n\t\t\t\t<\/div>\n\t\t\t\t\t<\/div>\n\t\t\t\t<\/div>\n\t\t<div class=\"elementor-element elementor-element-88a8a4d e-flex e-con-boxed e-con e-parent\" data-id=\"88a8a4d\" data-element_type=\"container\">\n\t\t\t\t\t<div class=\"e-con-inner\">\n\t\t<div class=\"elementor-element elementor-element-d339aec e-con-full e-flex e-con e-child\" data-id=\"d339aec\" data-element_type=\"container\">\n\t\t\t\t<\/div>\n\t\t\t\t\t<\/div>\n\t\t\t\t<\/div>\n\t\t\t\t<\/div>\n\t\t","protected":false},"excerpt":{"rendered":"<p>YAMANLAR OTO EKSPERT\u0130Z KOCAEL\u0130 \u015eUBES\u0130 Yamanlar Ba\u011f\u0131ms\u0131z Oto Expertiz YAMANLAR, teknik cihaz, ekipman ve robotlarla ikinci el ara\u00e7lar\u0131n kaza\/ar\u0131za durumlar\u0131n\u0131 test ve muayene edip detayl\u0131 oto ekspertiz raporu d\u00fczenleyen, T\u00fcrkiye\u2019nin ilk profesyonel, tarafs\u0131z, ba\u011f\u0131ms\u0131z ve tam donan\u0131ml\u0131 oto ekspertiz kurulu\u015fu ve ikinci el oto test check-up merkezidir.\u00a0<\/p>\n","protected":false},"author":1,"featured_media":0,"parent":0,"menu_order":0,"comment_status":"closed","ping_status":"closed","template":"","meta":{"footnotes":""},"class_list":["post-120","page","type-page","status-publish","hentry"],"_links":{"self":[{"href":"https:\/\/yamanlarkocaeli.com\/index.php\/wp-json\/wp\/v2\/pages\/120","targetHints":{"allow":["GET"]}}],"collection":[{"href":"https:\/\/yamanlarkocaeli.com\/index.php\/wp-json\/wp\/v2\/pages"}],"about":[{"href":"https:\/\/yamanlarkocaeli.com\/index.php\/wp-json\/wp\/v2\/types\/page"}],"author":[{"embeddable":true,"href":"https:\/\/yamanlarkocaeli.com\/index.php\/wp-json\/wp\/v2\/users\/1"}],"replies":[{"embeddable":true,"href":"https:\/\/yamanlarkocaeli.com\/index.php\/wp-json\/wp\/v2\/comments?post=120"}],"version-history":[{"count":14,"href":"https:\/\/yamanlarkocaeli.com\/index.php\/wp-json\/wp\/v2\/pages\/120\/revisions"}],"predecessor-version":[{"id":351,"href":"https:\/\/yamanlarkocaeli.com\/index.php\/wp-json\/wp\/v2\/pages\/120\/revisions\/351"}],"wp:attachment":[{"href":"https:\/\/yamanlarkocaeli.com\/index.php\/wp-json\/wp\/v2\/media?parent=120"}],"curies":[{"name":"wp","href":"https:\/\/api.w.org\/{rel}","templated":true}]}}