{"id":122,"date":"2020-10-10T15:15:13","date_gmt":"2020-10-10T15:15:13","guid":{"rendered":"https:\/\/demo.themedraft.net\/wp\/borex\/?page_id=122"},"modified":"2025-04-03T15:56:53","modified_gmt":"2025-04-03T15:56:53","slug":"expertiz-paket-fiyatlari","status":"publish","type":"page","link":"https:\/\/yamanlarkocaeli.com\/index.php\/expertiz-paket-fiyatlari\/","title":{"rendered":"Paketlerimiz"},"content":{"rendered":"\t\t<div data-elementor-type=\"wp-page\" data-elementor-id=\"122\" class=\"elementor elementor-122\">\n\t\t\t\t\t\t<section class=\"elementor-section elementor-top-section elementor-element elementor-element-2862459 elementor-section-boxed elementor-section-height-default elementor-section-height-default\" data-id=\"2862459\" data-element_type=\"section\">\n\t\t\t\t\t\t<div class=\"elementor-container elementor-column-gap-default\">\n\t\t\t\t\t<div class=\"elementor-column elementor-col-100 elementor-top-column elementor-element elementor-element-796d716\" data-id=\"796d716\" data-element_type=\"column\">\n\t\t\t<div class=\"elementor-widget-wrap elementor-element-populated\">\n\t\t\t\t\t\t<div class=\"elementor-element elementor-element-fcbef75 elementor-widget elementor-widget-themedraft_section_title_widget\" data-id=\"fcbef75\" data-element_type=\"widget\" data-widget_type=\"themedraft_section_title_widget.default\">\n\t\t\t\t<div class=\"elementor-widget-container\">\n\t\t\t\n\t\t<div class=\"td-section-title-wrapper wow fadeInUp\" data-wow-duration=\"1.25s\" data-wow-delay=\"0ms\">\n\t\t\t<div class=\"td-section-title-content\">\n                \t\t\t\t<div class=\"td-section-subtitle td-border-left-right\">\n\t\t\t\t\t<h6 class=\"td-subtitle\">YAMANLAR OTO EKSPERT\u0130Z KOCAEL\u0130 \u015eUBES\u0130<\/h6>\n\t\t\t\t<\/div>\n                \n\t\t\t\t<div class=\"td-section-title\">\n\t\t\t\t\t<h2 class=\"td-title\">EKSPERT\u0130Z PAKETLER\u0130M\u0130Z\u0130 \u0130NCELEY\u0130N<\/h2>\n\t\t\t\t<\/div>\n\n                \t\t\t<\/div>\n\t\t<\/div>\n\n\t\t\t\t<\/div>\n\t\t\t\t<\/div>\n\t\t\t\t<div class=\"elementor-element elementor-element-7a32140 elementor-widget elementor-widget-image\" data-id=\"7a32140\" data-element_type=\"widget\" data-widget_type=\"image.default\">\n\t\t\t\t<div class=\"elementor-widget-container\">\n\t\t\t\t\t\t\t\t\t\t\t\t\t\t<a href=\"https:\/\/yamanlarkocaeli.com\/wp-content\/uploads\/2025\/04\/02042025-site-fiyat-.png\" data-elementor-open-lightbox=\"yes\" data-elementor-lightbox-title=\"02042025 site fiyat\" data-e-action-hash=\"#elementor-action%3Aaction%3Dlightbox%26settings%3DeyJpZCI6ODMwLCJ1cmwiOiJodHRwczpcL1wveWFtYW5sYXJrb2NhZWxpLmNvbVwvd3AtY29udGVudFwvdXBsb2Fkc1wvMjAyNVwvMDRcLzAyMDQyMDI1LXNpdGUtZml5YXQtLnBuZyJ9\">\n\t\t\t\t\t\t\t<img fetchpriority=\"high\" decoding=\"async\" width=\"1024\" height=\"665\" src=\"https:\/\/yamanlarkocaeli.com\/wp-content\/uploads\/2025\/04\/02042025-site-fiyat--1024x665.png\" class=\"attachment-large size-large wp-image-830\" alt=\"\" srcset=\"https:\/\/yamanlarkocaeli.com\/wp-content\/uploads\/2025\/04\/02042025-site-fiyat--1024x665.png 1024w, https:\/\/yamanlarkocaeli.com\/wp-content\/uploads\/2025\/04\/02042025-site-fiyat--300x195.png 300w, https:\/\/yamanlarkocaeli.com\/wp-content\/uploads\/2025\/04\/02042025-site-fiyat--768x499.png 768w, https:\/\/yamanlarkocaeli.com\/wp-content\/uploads\/2025\/04\/02042025-site-fiyat--1536x998.png 1536w, https:\/\/yamanlarkocaeli.com\/wp-content\/uploads\/2025\/04\/02042025-site-fiyat--600x390.png 600w, https:\/\/yamanlarkocaeli.com\/wp-content\/uploads\/2025\/04\/02042025-site-fiyat-.png 2048w\" sizes=\"(max-width: 1024px) 100vw, 1024px\" \/>\t\t\t\t\t\t\t\t<\/a>\n\t\t\t\t\t\t\t\t\t\t\t\t\t<\/div>\n\t\t\t\t<\/div>\n\t\t\t\t<div class=\"elementor-element elementor-element-bdb7be2 elementor-widget elementor-widget-themedraft_projects\" data-id=\"bdb7be2\" data-element_type=\"widget\" data-widget_type=\"themedraft_projects.default\">\n\t\t\t\t<div class=\"elementor-widget-container\">\n\t\t\t\t\t<div class=\"td-project-wrapper\">\n\n\t\t\t\t<div class=\"row\">\n\n\t\t\t\t\t\t\t\t\t\t\t\t<div class=\"col-lg-6 col-md-6\">\n\t\t\t\t\t\t\t\t<div class=\"td-single-project-item wow fadeInUp\" data-wow-duration=\"1.25s\" data-wow-delay=\"0ms\">\n\n                                    <img decoding=\"async\" src=\"https:\/\/yamanlarkocaeli.com\/wp-content\/uploads\/2024\/09\/paket1.jpg\" alt=\"\">\n\n                                    <div class=\"td-project-content-wrapper\">\n                                        <a href=\"https:\/\/yamanlarkocaeli.com\/index.php\/yamanlar-oto-ekspertiz-eco-paket\/\" class=\"td-project-details-link\" >\n                                            <div class=\"td-project-content\">\n                                                <h6 class=\"td-subtitle\"><\/h6>\n                                                <h4 class=\"td-title\">ECO PAKET<\/h4>\n                                            <\/div>\n                                        <\/a>\n                                    <\/div>\n\t\t\t\t\t\t\t\t<\/div>\n\t\t\t\t\t\t\t<\/div>\n\t\t\t\t\t\t\t\t\t\t\t\t\t\t<div class=\"col-lg-6 col-md-6\">\n\t\t\t\t\t\t\t\t<div class=\"td-single-project-item wow fadeInUp\" data-wow-duration=\"1.25s\" data-wow-delay=\"0ms\">\n\n                                    <img decoding=\"async\" src=\"https:\/\/yamanlarkocaeli.com\/wp-content\/uploads\/2024\/09\/paket1.jpg\" alt=\"\">\n\n                                    <div class=\"td-project-content-wrapper\">\n                                        <a href=\"https:\/\/yamanlarkocaeli.com\/index.php\/yamanlar-oto-ekspertiz-standart-paket\/\" class=\"td-project-details-link\" >\n                                            <div class=\"td-project-content\">\n                                                <h6 class=\"td-subtitle\"><\/h6>\n                                                <h4 class=\"td-title\">STANDART PAKET<\/h4>\n                                            <\/div>\n                                        <\/a>\n                                    <\/div>\n\t\t\t\t\t\t\t\t<\/div>\n\t\t\t\t\t\t\t<\/div>\n\t\t\t\t\t\t\t\t\t\t\t\t\t\t<div class=\"col-lg-6 col-md-6\">\n\t\t\t\t\t\t\t\t<div class=\"td-single-project-item wow fadeInUp\" data-wow-duration=\"1.25s\" data-wow-delay=\"0ms\">\n\n                                    <img decoding=\"async\" src=\"https:\/\/yamanlarkocaeli.com\/wp-content\/uploads\/2024\/09\/paket1.jpg\" alt=\"\">\n\n                                    <div class=\"td-project-content-wrapper\">\n                                        <a href=\"https:\/\/yamanlarkocaeli.com\/index.php\/yamanlar-oto-ekspertiz-yaman-paket\/\" class=\"td-project-details-link\" >\n                                            <div class=\"td-project-content\">\n                                                <h6 class=\"td-subtitle\"><\/h6>\n                                                <h4 class=\"td-title\">YAMAN PAKET<\/h4>\n                                            <\/div>\n                                        <\/a>\n                                    <\/div>\n\t\t\t\t\t\t\t\t<\/div>\n\t\t\t\t\t\t\t<\/div>\n\t\t\t\t\t\t\t\t\t\t\t\t\t\t<div class=\"col-lg-6 col-md-6\">\n\t\t\t\t\t\t\t\t<div class=\"td-single-project-item wow fadeInUp\" data-wow-duration=\"1.25s\" data-wow-delay=\"0ms\">\n\n                                    <img decoding=\"async\" src=\"https:\/\/yamanlarkocaeli.com\/wp-content\/uploads\/2024\/09\/paket1.jpg\" alt=\"\">\n\n                                    <div class=\"td-project-content-wrapper\">\n                                        <a href=\"https:\/\/yamanlarkocaeli.com\/index.php\/yamanlar-oto-ekspertiz-luks-suv-ve-buyuk-ticari-araclar-paketi\/\" class=\"td-project-details-link\" >\n                                            <div class=\"td-project-content\">\n                                                <h6 class=\"td-subtitle\">FERD\u0130 G\u00d6K\u00c7E \u00d6NER\u0130YOR<\/h6>\n                                                <h4 class=\"td-title\">YAMAN+ PLUS PAKET<\/h4>\n                                            <\/div>\n                                        <\/a>\n                                    <\/div>\n\t\t\t\t\t\t\t\t<\/div>\n\t\t\t\t\t\t\t<\/div>\n\t\t\t\t\t\t\t\t\t\t\t\t\t\t<div class=\"col-lg-6 col-md-6\">\n\t\t\t\t\t\t\t\t<div class=\"td-single-project-item wow fadeInUp\" data-wow-duration=\"1.25s\" data-wow-delay=\"0ms\">\n\n                                    <img decoding=\"async\" src=\"https:\/\/yamanlarkocaeli.com\/wp-content\/uploads\/2024\/09\/paket3.jpg\" alt=\"\">\n\n                                    <div class=\"td-project-content-wrapper\">\n                                        <a href=\"https:\/\/yamanlarkocaeli.com\/index.php\/yamanlar-oto-ekspertiz-motor-mekanik-paketi\/\" class=\"td-project-details-link\" >\n                                            <div class=\"td-project-content\">\n                                                <h6 class=\"td-subtitle\"><\/h6>\n                                                <h4 class=\"td-title\">MOTOR MEKAN\u0130K PAKET<\/h4>\n                                            <\/div>\n                                        <\/a>\n                                    <\/div>\n\t\t\t\t\t\t\t\t<\/div>\n\t\t\t\t\t\t\t<\/div>\n\t\t\t\t\t\t\t\t\t\t\t\t\t\t<div class=\"col-lg-6 col-md-6\">\n\t\t\t\t\t\t\t\t<div class=\"td-single-project-item wow fadeInUp\" data-wow-duration=\"1.25s\" data-wow-delay=\"0ms\">\n\n                                    <img decoding=\"async\" src=\"https:\/\/yamanlarkocaeli.com\/wp-content\/uploads\/2024\/09\/paket4.jpg\" alt=\"\">\n\n                                    <div class=\"td-project-content-wrapper\">\n                                        <a href=\"https:\/\/yamanlarkocaeli.com\/index.php\/yamanlar-oto-ekspertiz-motor-conta-kacak-paketi\/\" class=\"td-project-details-link\" >\n                                            <div class=\"td-project-content\">\n                                                <h6 class=\"td-subtitle\"><\/h6>\n                                                <h4 class=\"td-title\">MOTOR CONTA KA\u00c7AK<\/h4>\n                                            <\/div>\n                                        <\/a>\n                                    <\/div>\n\t\t\t\t\t\t\t\t<\/div>\n\t\t\t\t\t\t\t<\/div>\n\t\t\t\t\t\t\t\t\t\t\t\t\t\t<div class=\"col-lg-6 col-md-6\">\n\t\t\t\t\t\t\t\t<div class=\"td-single-project-item wow fadeInUp\" data-wow-duration=\"1.25s\" data-wow-delay=\"0ms\">\n\n                                    <img decoding=\"async\" src=\"https:\/\/yamanlarkocaeli.com\/wp-content\/uploads\/2024\/09\/paket5.jpg\" alt=\"\">\n\n                                    <div class=\"td-project-content-wrapper\">\n                                        <a href=\"https:\/\/yamanlarkocaeli.com\/index.php\/yamanlar-oto-ekspertiz-obd-beyin-km-kontrolu-paketi\/\" class=\"td-project-details-link\" >\n                                            <div class=\"td-project-content\">\n                                                <h6 class=\"td-subtitle\"><\/h6>\n                                                <h4 class=\"td-title\">OBD BEY\u0130N KM KONTROL<\/h4>\n                                            <\/div>\n                                        <\/a>\n                                    <\/div>\n\t\t\t\t\t\t\t\t<\/div>\n\t\t\t\t\t\t\t<\/div>\n\t\t\t\t\t\t\t\t\t\t\t\t\t\t<div class=\"col-lg-6 col-md-6\">\n\t\t\t\t\t\t\t\t<div class=\"td-single-project-item wow fadeInUp\" data-wow-duration=\"1.25s\" data-wow-delay=\"0ms\">\n\n                                    <img decoding=\"async\" src=\"https:\/\/yamanlarkocaeli.com\/wp-content\/uploads\/2024\/09\/paket6.jpg\" alt=\"\">\n\n                                    <div class=\"td-project-content-wrapper\">\n                                        <a href=\"https:\/\/yamanlarkocaeli.com\/index.php\/yamanlar-oto-ekspertiz-kaporta-boya-paketi\/\" class=\"td-project-details-link\" >\n                                            <div class=\"td-project-content\">\n                                                <h6 class=\"td-subtitle\"><\/h6>\n                                                <h4 class=\"td-title\">KAPORTA BOYA PAKET\u0130<\/h4>\n                                            <\/div>\n                                        <\/a>\n                                    <\/div>\n\t\t\t\t\t\t\t\t<\/div>\n\t\t\t\t\t\t\t<\/div>\n\t\t\t\t\t\t\t\t\t\t\t\t\t\t<div class=\"col-lg-6 col-md-6\">\n\t\t\t\t\t\t\t\t<div class=\"td-single-project-item wow fadeInUp\" data-wow-duration=\"1.25s\" data-wow-delay=\"0ms\">\n\n                                    <img decoding=\"async\" src=\"https:\/\/yamanlarkocaeli.com\/wp-content\/uploads\/2024\/09\/paket7.jpg\" alt=\"\">\n\n                                    <div class=\"td-project-content-wrapper\">\n                                        <a href=\"https:\/\/yamanlarkocaeli.com\/index.php\/yamanlar-oto-ekspertiz-airbag-kontrolu-paketi\/\" class=\"td-project-details-link\" >\n                                            <div class=\"td-project-content\">\n                                                <h6 class=\"td-subtitle\"><\/h6>\n                                                <h4 class=\"td-title\">A\u0130RBAG KONTROL\u00dc<\/h4>\n                                            <\/div>\n                                        <\/a>\n                                    <\/div>\n\t\t\t\t\t\t\t\t<\/div>\n\t\t\t\t\t\t\t<\/div>\n\t\t\t\t\t\t\t\t\t\t\t\t\t\t<div class=\"col-lg-6 col-md-6\">\n\t\t\t\t\t\t\t\t<div class=\"td-single-project-item wow fadeInUp\" data-wow-duration=\"1.25s\" data-wow-delay=\"0ms\">\n\n                                    <img decoding=\"async\" src=\"https:\/\/yamanlarkocaeli.com\/wp-content\/uploads\/2024\/09\/paket2.jpg\" alt=\"\">\n\n                                    <div class=\"td-project-content-wrapper\">\n                                        <a href=\"https:\/\/yamanlarkocaeli.com\/index.php\/yamanlar-oto-ekspertiz-motorsiklet-ekspertiz-paketi\/\" class=\"td-project-details-link\" >\n                                            <div class=\"td-project-content\">\n                                                <h6 class=\"td-subtitle\"><\/h6>\n                                                <h4 class=\"td-title\">MOTORS\u0130KLET EKSPERT\u0130Z\u0130<\/h4>\n                                            <\/div>\n                                        <\/a>\n                                    <\/div>\n\t\t\t\t\t\t\t\t<\/div>\n\t\t\t\t\t\t\t<\/div>\n\t\t\t\t\t\t\t\n\n\t\t\t\t<\/div>\n\t\t<\/div>\n\t\t\t\t<\/div>\n\t\t\t\t<\/div>\n\t\t\t\t\t<\/div>\n\t\t<\/div>\n\t\t\t\t\t<\/div>\n\t\t<\/section>\n\t\t\t\t<\/div>\n\t\t","protected":false},"excerpt":{"rendered":"<p>YAMANLAR OTO EKSPERT\u0130Z KOCAEL\u0130 \u015eUBES\u0130 EKSPERT\u0130Z PAKETLER\u0130M\u0130Z\u0130 \u0130NCELEY\u0130N ECO PAKET STANDART PAKET YAMAN PAKET FERD\u0130 G\u00d6K\u00c7E \u00d6NER\u0130YOR YAMAN+ PLUS PAKET MOTOR MEKAN\u0130K PAKET MOTOR CONTA KA\u00c7AK OBD BEY\u0130N KM KONTROL KAPORTA BOYA PAKET\u0130 A\u0130RBAG KONTROL\u00dc MOTORS\u0130KLET EKSPERT\u0130Z\u0130<\/p>\n","protected":false},"author":1,"featured_media":0,"parent":0,"menu_order":0,"comment_status":"closed","ping_status":"closed","template":"","meta":{"footnotes":""},"class_list":["post-122","page","type-page","status-publish","hentry"],"_links":{"self":[{"href":"https:\/\/yamanlarkocaeli.com\/index.php\/wp-json\/wp\/v2\/pages\/122","targetHints":{"allow":["GET"]}}],"collection":[{"href":"https:\/\/yamanlarkocaeli.com\/index.php\/wp-json\/wp\/v2\/pages"}],"about":[{"href":"https:\/\/yamanlarkocaeli.com\/index.php\/wp-json\/wp\/v2\/types\/page"}],"author":[{"embeddable":true,"href":"https:\/\/yamanlarkocaeli.com\/index.php\/wp-json\/wp\/v2\/users\/1"}],"replies":[{"embeddable":true,"href":"https:\/\/yamanlarkocaeli.com\/index.php\/wp-json\/wp\/v2\/comments?post=122"}],"version-history":[{"count":23,"href":"https:\/\/yamanlarkocaeli.com\/index.php\/wp-json\/wp\/v2\/pages\/122\/revisions"}],"predecessor-version":[{"id":836,"href":"https:\/\/yamanlarkocaeli.com\/index.php\/wp-json\/wp\/v2\/pages\/122\/revisions\/836"}],"wp:attachment":[{"href":"https:\/\/yamanlarkocaeli.com\/index.php\/wp-json\/wp\/v2\/media?parent=122"}],"curies":[{"name":"wp","href":"https:\/\/api.w.org\/{rel}","templated":true}]}}