{"id":132,"date":"2020-10-10T15:18:23","date_gmt":"2020-10-10T15:18:23","guid":{"rendered":"https:\/\/demo.themedraft.net\/wp\/borex\/?page_id=132"},"modified":"2024-11-20T12:26:27","modified_gmt":"2024-11-20T12:26:27","slug":"bize-ulasin","status":"publish","type":"page","link":"https:\/\/yamanlarkocaeli.com\/index.php\/bize-ulasin\/","title":{"rendered":"Bize Ula\u015f\u0131n"},"content":{"rendered":"\t\t<div data-elementor-type=\"wp-page\" data-elementor-id=\"132\" class=\"elementor elementor-132\">\n\t\t\t\t\t\t<section class=\"elementor-section elementor-top-section elementor-element elementor-element-1ad0c981 elementor-section-boxed elementor-section-height-default elementor-section-height-default\" data-id=\"1ad0c981\" data-element_type=\"section\">\n\t\t\t\t\t\t<div class=\"elementor-container elementor-column-gap-default\">\n\t\t\t\t\t<div class=\"elementor-column elementor-col-100 elementor-top-column elementor-element elementor-element-36a2ab09\" data-id=\"36a2ab09\" data-element_type=\"column\">\n\t\t\t<div class=\"elementor-widget-wrap elementor-element-populated\">\n\t\t\t\t\t\t<div class=\"elementor-element elementor-element-5de2d315 elementor-invisible elementor-widget elementor-widget-themedraft_contact_info\" data-id=\"5de2d315\" data-element_type=\"widget\" data-settings=\"{&quot;_animation&quot;:&quot;fadeInUp&quot;}\" data-widget_type=\"themedraft_contact_info.default\">\n\t\t\t\t<div class=\"elementor-widget-container\">\n\t\t\t\n\t\t<div class=\"td-contact-info-wrapper\">\n\t\t\t<div class=\"row\">\n                                        <div class=\"col-lg-4 col-md-6\">\n                            <div class=\"td-single-contact-info\">\n                                <div class=\"td-contact-info-icon\">\n\t\t\t\t                                                            <div class=\"td-icon-wrapper td-font-icon\">\n\t\t\t\t\t\t                    <i aria-hidden=\"true\" class=\"td-icon flaticon-business-placeholder\"><\/i>                                        <\/div>\n\t\t\t\t                                                    <\/div>\n\n                                <h4 class=\"td-info-title\">Adres<\/h4>\n\n                                <div class=\"td-info-desc\"><p>Vezir\u00e7iftli\u011fi, Yanyol Cd No:158 Ba\u015fiskele\/Kocaeli<\/p><\/div>\n                            <\/div>\n                        <\/div>\n                                        <div class=\"col-lg-4 col-md-6\">\n                            <div class=\"td-single-contact-info\">\n                                <div class=\"td-contact-info-icon\">\n\t\t\t\t                                                            <div class=\"td-icon-wrapper td-font-icon\">\n\t\t\t\t\t\t                    <i aria-hidden=\"true\" class=\"td-icon flaticon-business-call\"><\/i>                                        <\/div>\n\t\t\t\t                                                    <\/div>\n\n                                <h4 class=\"td-info-title\">Telefon<\/h4>\n\n                                <div class=\"td-info-desc\"><p><a href=\"tel:+905330379441\">Whatsapp'tan da Ula\u015fabilirsiniz<br \/>+90 533 037 94 41<br \/><\/a><\/p><\/div>\n                            <\/div>\n                        <\/div>\n                                        <div class=\"col-lg-4 col-md-6\">\n                            <div class=\"td-single-contact-info\">\n                                <div class=\"td-contact-info-icon\">\n\t\t\t\t                                                            <div class=\"td-icon-wrapper td-font-icon\">\n\t\t\t\t\t\t                    <i aria-hidden=\"true\" class=\"td-icon flaticon-business-email\"><\/i>                                        <\/div>\n\t\t\t\t                                                    <\/div>\n\n                                <h4 class=\"td-info-title\">E-posta<\/h4>\n\n                                <div class=\"td-info-desc\"><p>Bize E-Mail G\u00f6nderebilirsiniz.<br \/>info@yamanlarkocaeli.com<\/p><\/div>\n                            <\/div>\n                        <\/div>\n                \n\n\n\n\t\t\t<\/div>\n\t\t<\/div>\n\n\t\t\t\t<\/div>\n\t\t\t\t<\/div>\n\t\t\t\t\t<\/div>\n\t\t<\/div>\n\t\t\t\t\t<\/div>\n\t\t<\/section>\n\t\t<div class=\"elementor-element elementor-element-e0a61ba e-flex e-con-boxed elementor-invisible e-con e-parent\" data-id=\"e0a61ba\" data-element_type=\"container\" data-settings=\"{&quot;animation&quot;:&quot;fadeInUp&quot;}\">\n\t\t\t\t\t<div class=\"e-con-inner\">\n\t\t\t\t<div class=\"elementor-element elementor-element-f310c00 elementor-widget elementor-widget-html\" data-id=\"f310c00\" data-element_type=\"widget\" data-widget_type=\"html.default\">\n\t\t\t\t<div class=\"elementor-widget-container\">\n\t\t\t<iframe src=\"https:\/\/www.google.com\/maps\/embed?pb=!1m18!1m12!1m3!1d755.748496260816!2d29.958116108680997!3d40.740157874104206!2m3!1f0!2f0!3f0!3m2!1i1024!2i768!4f13.1!3m3!1m2!1s0x14cb45744c38c55f%3A0x728510bbfa674fe0!2sYamanlar%20Oto%20Ekspertiz%20Kocaeli%20%C5%9Eubesi!5e0!3m2!1str!2str!4v1726492569187!5m2!1str!2str\" width=\"600\" height=\"450\" style=\"border:0;\" allowfullscreen=\"\" loading=\"lazy\" referrerpolicy=\"no-referrer-when-downgrade\"><\/iframe>\t\t<\/div>\n\t\t\t\t<\/div>\n\t\t\t\t\t<\/div>\n\t\t\t\t<\/div>\n\t\t\t\t<\/div>\n\t\t","protected":false},"excerpt":{"rendered":"<p>Adres Vezir\u00e7iftli\u011fi, Yanyol Cd No:158 Ba\u015fiskele\/Kocaeli Telefon Whatsapp&#8217;tan da Ula\u015fabilirsiniz+90 533 037 94 41 E-posta Bize E-Mail G\u00f6nderebilirsiniz.info@yamanlarkocaeli.com<\/p>\n","protected":false},"author":1,"featured_media":0,"parent":0,"menu_order":0,"comment_status":"closed","ping_status":"closed","template":"","meta":{"footnotes":""},"class_list":["post-132","page","type-page","status-publish","hentry"],"_links":{"self":[{"href":"https:\/\/yamanlarkocaeli.com\/index.php\/wp-json\/wp\/v2\/pages\/132","targetHints":{"allow":["GET"]}}],"collection":[{"href":"https:\/\/yamanlarkocaeli.com\/index.php\/wp-json\/wp\/v2\/pages"}],"about":[{"href":"https:\/\/yamanlarkocaeli.com\/index.php\/wp-json\/wp\/v2\/types\/page"}],"author":[{"embeddable":true,"href":"https:\/\/yamanlarkocaeli.com\/index.php\/wp-json\/wp\/v2\/users\/1"}],"replies":[{"embeddable":true,"href":"https:\/\/yamanlarkocaeli.com\/index.php\/wp-json\/wp\/v2\/comments?post=132"}],"version-history":[{"count":32,"href":"https:\/\/yamanlarkocaeli.com\/index.php\/wp-json\/wp\/v2\/pages\/132\/revisions"}],"predecessor-version":[{"id":738,"href":"https:\/\/yamanlarkocaeli.com\/index.php\/wp-json\/wp\/v2\/pages\/132\/revisions\/738"}],"wp:attachment":[{"href":"https:\/\/yamanlarkocaeli.com\/index.php\/wp-json\/wp\/v2\/media?parent=132"}],"curies":[{"name":"wp","href":"https:\/\/api.w.org\/{rel}","templated":true}]}}