{"id":420,"date":"2024-09-16T16:08:05","date_gmt":"2024-09-16T16:08:05","guid":{"rendered":"https:\/\/yamanlarkocaeli.com\/?page_id=420"},"modified":"2025-04-01T21:19:13","modified_gmt":"2025-04-01T21:19:13","slug":"yamanlar-oto-ekspertiz-motor-mekanik-paketi","status":"publish","type":"page","link":"https:\/\/yamanlarkocaeli.com\/index.php\/yamanlar-oto-ekspertiz-motor-mekanik-paketi\/","title":{"rendered":"Yamanlar Oto Ekspertiz Motor Mekanik Paketi"},"content":{"rendered":"\t\t<div data-elementor-type=\"wp-page\" data-elementor-id=\"420\" class=\"elementor elementor-420\">\n\t\t\t\t<div class=\"elementor-element elementor-element-c2bdeff e-flex e-con-boxed e-con e-parent\" data-id=\"c2bdeff\" data-element_type=\"container\">\n\t\t\t\t\t<div class=\"e-con-inner\">\n\t\t<div class=\"elementor-element elementor-element-0efb05e e-con-full e-flex e-con e-child\" data-id=\"0efb05e\" data-element_type=\"container\">\n\t\t\t\t<div class=\"elementor-element elementor-element-37407bc elementor-widget elementor-widget-text-editor\" data-id=\"37407bc\" data-element_type=\"widget\" data-widget_type=\"text-editor.default\">\n\t\t\t\t<div class=\"elementor-widget-container\">\n\t\t\t\t\t\t\t<p><strong>Motor Mekanik Paketi<\/strong><\/p><p>YAMANLAR Oto Ekspertiz&#8217;in <strong>Motor Mekanik Paketi<\/strong>, arac\u0131n\u0131z\u0131n motor ve mekanik aksam\u0131n\u0131 en ince ayr\u0131nt\u0131s\u0131na kadar inceleyerek kapsaml\u0131 bir analiz sunar. Motor performans\u0131ndan, \u015fanz\u0131man ve y\u00fcr\u00fcyen aksam\u0131n durumuna kadar t\u00fcm kritik par\u00e7alar uzman teknisyenler taraf\u0131ndan detayl\u0131ca kontrol edilir. Ayr\u0131ca, arac\u0131n genel mekanik sa\u011fl\u0131\u011f\u0131 hakk\u0131nda ayr\u0131nt\u0131l\u0131 bir rapor haz\u0131rlan\u0131r. Bu paket, arac\u0131n\u0131z\u0131n mevcut durumu hakk\u0131nda net ve g\u00fcvenilir bilgiler elde etmenizi sa\u011flar, b\u00f6ylece olas\u0131 ar\u0131zalar \u00f6nceden tespit edilerek maliyetli tamirlerin \u00f6n\u00fcne ge\u00e7ilir.<\/p><p><strong>Motor Mekanik Paketi<\/strong>, arac\u0131n\u0131z\u0131n uzun \u00f6m\u00fcrl\u00fc ve g\u00fcvenli bir s\u00fcr\u00fc\u015f sunmas\u0131 i\u00e7in ideal \u00e7\u00f6z\u00fcmd\u00fcr.<\/p>\t\t\t\t\t\t<\/div>\n\t\t\t\t<\/div>\n\t\t\t\t<\/div>\n\t\t\t\t\t<\/div>\n\t\t\t\t<\/div>\n\t\t\t\t<\/div>\n\t\t","protected":false},"excerpt":{"rendered":"<p>Motor Mekanik Paketi YAMANLAR Oto Ekspertiz&#8217;in Motor Mekanik Paketi, arac\u0131n\u0131z\u0131n motor ve mekanik aksam\u0131n\u0131 en ince ayr\u0131nt\u0131s\u0131na kadar inceleyerek kapsaml\u0131 bir analiz sunar. Motor performans\u0131ndan, \u015fanz\u0131man ve y\u00fcr\u00fcyen aksam\u0131n durumuna kadar t\u00fcm kritik par\u00e7alar uzman teknisyenler taraf\u0131ndan detayl\u0131ca kontrol edilir. Ayr\u0131ca, arac\u0131n genel mekanik sa\u011fl\u0131\u011f\u0131 hakk\u0131nda ayr\u0131nt\u0131l\u0131 bir rapor haz\u0131rlan\u0131r. Bu paket, arac\u0131n\u0131z\u0131n mevcut durumu [&hellip;]<\/p>\n","protected":false},"author":1,"featured_media":0,"parent":0,"menu_order":0,"comment_status":"closed","ping_status":"closed","template":"","meta":{"footnotes":""},"class_list":["post-420","page","type-page","status-publish","hentry"],"_links":{"self":[{"href":"https:\/\/yamanlarkocaeli.com\/index.php\/wp-json\/wp\/v2\/pages\/420","targetHints":{"allow":["GET"]}}],"collection":[{"href":"https:\/\/yamanlarkocaeli.com\/index.php\/wp-json\/wp\/v2\/pages"}],"about":[{"href":"https:\/\/yamanlarkocaeli.com\/index.php\/wp-json\/wp\/v2\/types\/page"}],"author":[{"embeddable":true,"href":"https:\/\/yamanlarkocaeli.com\/index.php\/wp-json\/wp\/v2\/users\/1"}],"replies":[{"embeddable":true,"href":"https:\/\/yamanlarkocaeli.com\/index.php\/wp-json\/wp\/v2\/comments?post=420"}],"version-history":[{"count":13,"href":"https:\/\/yamanlarkocaeli.com\/index.php\/wp-json\/wp\/v2\/pages\/420\/revisions"}],"predecessor-version":[{"id":802,"href":"https:\/\/yamanlarkocaeli.com\/index.php\/wp-json\/wp\/v2\/pages\/420\/revisions\/802"}],"wp:attachment":[{"href":"https:\/\/yamanlarkocaeli.com\/index.php\/wp-json\/wp\/v2\/media?parent=420"}],"curies":[{"name":"wp","href":"https:\/\/api.w.org\/{rel}","templated":true}]}}