{"id":426,"date":"2024-09-16T16:16:15","date_gmt":"2024-09-16T16:16:15","guid":{"rendered":"https:\/\/yamanlarkocaeli.com\/?page_id=426"},"modified":"2025-04-01T21:19:41","modified_gmt":"2025-04-01T21:19:41","slug":"yamanlar-oto-ekspertiz-motor-conta-kacak-paketi","status":"publish","type":"page","link":"https:\/\/yamanlarkocaeli.com\/index.php\/yamanlar-oto-ekspertiz-motor-conta-kacak-paketi\/","title":{"rendered":"Yamanlar Oto Ekspertiz Motor Conta Ka\u00e7ak Paketi"},"content":{"rendered":"\t\t<div data-elementor-type=\"wp-page\" data-elementor-id=\"426\" class=\"elementor elementor-426\">\n\t\t\t\t<div class=\"elementor-element elementor-element-c2bdeff e-flex e-con-boxed e-con e-parent\" data-id=\"c2bdeff\" data-element_type=\"container\">\n\t\t\t\t\t<div class=\"e-con-inner\">\n\t\t<div class=\"elementor-element elementor-element-0efb05e e-con-full e-flex e-con e-child\" data-id=\"0efb05e\" data-element_type=\"container\">\n\t\t\t\t<div class=\"elementor-element elementor-element-37407bc elementor-widget__width-initial elementor-widget elementor-widget-text-editor\" data-id=\"37407bc\" data-element_type=\"widget\" data-widget_type=\"text-editor.default\">\n\t\t\t\t<div class=\"elementor-widget-container\">\n\t\t\t\t\t\t\t<div class=\"flex-shrink-0 flex flex-col relative items-end\"><div class=\"pt-0\"><div class=\"gizmo-bot-avatar flex h-8 w-8 items-center justify-center overflow-hidden rounded-full\"><div class=\"relative p-1 rounded-sm flex items-center justify-center bg-token-main-surface-primary text-token-text-primary h-8 w-8\"><p><strong>Motor Conta Ka\u00e7ak Kontrol\u00fc<\/strong><\/p><p>YAMANLAR Oto Ekspertiz\u2019in <strong>Motor Conta Ka\u00e7ak Kontrol\u00fc<\/strong>, arac\u0131n\u0131z\u0131n motorunda herhangi bir s\u0131z\u0131nt\u0131 ya da conta ka\u00e7aklar\u0131n\u0131 tespit etmek amac\u0131yla yap\u0131l\u0131r. Bu kontrol s\u0131ras\u0131nda, motorun t\u00fcm kritik noktalar\u0131 \u00f6zenle incelenir ve olas\u0131 ka\u00e7aklar detayl\u0131 olarak rapor edilir. Conta ka\u00e7aklar\u0131, motor performans\u0131n\u0131 olumsuz etkileyebilir ve zaman\u0131nda m\u00fcdahale edilmedi\u011finde ciddi hasarlara yol a\u00e7abilir.<\/p><p>Bu y\u00fczden <strong>Motor Conta Ka\u00e7ak Kontrol\u00fc<\/strong>, motorunuzun sa\u011fl\u0131\u011f\u0131n\u0131 koruman\u0131n ve ar\u0131zalar\u0131n \u00f6n\u00fcne ge\u00e7menin en \u00f6nemli ad\u0131mlar\u0131ndan biridir.<\/p><\/div><\/div><\/div><\/div>\t\t\t\t\t\t<\/div>\n\t\t\t\t<\/div>\n\t\t\t\t<\/div>\n\t\t\t\t\t<\/div>\n\t\t\t\t<\/div>\n\t\t\t\t<\/div>\n\t\t","protected":false},"excerpt":{"rendered":"<p>Motor Conta Ka\u00e7ak Kontrol\u00fc YAMANLAR Oto Ekspertiz\u2019in Motor Conta Ka\u00e7ak Kontrol\u00fc, arac\u0131n\u0131z\u0131n motorunda herhangi bir s\u0131z\u0131nt\u0131 ya da conta ka\u00e7aklar\u0131n\u0131 tespit etmek amac\u0131yla yap\u0131l\u0131r. Bu kontrol s\u0131ras\u0131nda, motorun t\u00fcm kritik noktalar\u0131 \u00f6zenle incelenir ve olas\u0131 ka\u00e7aklar detayl\u0131 olarak rapor edilir. Conta ka\u00e7aklar\u0131, motor performans\u0131n\u0131 olumsuz etkileyebilir ve zaman\u0131nda m\u00fcdahale edilmedi\u011finde ciddi hasarlara yol a\u00e7abilir. Bu [&hellip;]<\/p>\n","protected":false},"author":1,"featured_media":0,"parent":0,"menu_order":0,"comment_status":"closed","ping_status":"closed","template":"","meta":{"footnotes":""},"class_list":["post-426","page","type-page","status-publish","hentry"],"_links":{"self":[{"href":"https:\/\/yamanlarkocaeli.com\/index.php\/wp-json\/wp\/v2\/pages\/426","targetHints":{"allow":["GET"]}}],"collection":[{"href":"https:\/\/yamanlarkocaeli.com\/index.php\/wp-json\/wp\/v2\/pages"}],"about":[{"href":"https:\/\/yamanlarkocaeli.com\/index.php\/wp-json\/wp\/v2\/types\/page"}],"author":[{"embeddable":true,"href":"https:\/\/yamanlarkocaeli.com\/index.php\/wp-json\/wp\/v2\/users\/1"}],"replies":[{"embeddable":true,"href":"https:\/\/yamanlarkocaeli.com\/index.php\/wp-json\/wp\/v2\/comments?post=426"}],"version-history":[{"count":13,"href":"https:\/\/yamanlarkocaeli.com\/index.php\/wp-json\/wp\/v2\/pages\/426\/revisions"}],"predecessor-version":[{"id":805,"href":"https:\/\/yamanlarkocaeli.com\/index.php\/wp-json\/wp\/v2\/pages\/426\/revisions\/805"}],"wp:attachment":[{"href":"https:\/\/yamanlarkocaeli.com\/index.php\/wp-json\/wp\/v2\/media?parent=426"}],"curies":[{"name":"wp","href":"https:\/\/api.w.org\/{rel}","templated":true}]}}