{"id":441,"date":"2024-09-16T16:19:09","date_gmt":"2024-09-16T16:19:09","guid":{"rendered":"https:\/\/yamanlarkocaeli.com\/?page_id=441"},"modified":"2025-04-01T21:20:28","modified_gmt":"2025-04-01T21:20:28","slug":"yamanlar-oto-ekspertiz-kaporta-boya-paketi","status":"publish","type":"page","link":"https:\/\/yamanlarkocaeli.com\/index.php\/yamanlar-oto-ekspertiz-kaporta-boya-paketi\/","title":{"rendered":"Yamanlar Oto Ekspertiz Kaporta Boya Paketi"},"content":{"rendered":"\t\t<div data-elementor-type=\"wp-page\" data-elementor-id=\"441\" class=\"elementor elementor-441\">\n\t\t\t\t<div class=\"elementor-element elementor-element-c2bdeff e-flex e-con-boxed e-con e-parent\" data-id=\"c2bdeff\" data-element_type=\"container\">\n\t\t\t\t\t<div class=\"e-con-inner\">\n\t\t<div class=\"elementor-element elementor-element-0efb05e e-con-full e-flex e-con e-child\" data-id=\"0efb05e\" data-element_type=\"container\">\n\t\t\t\t<div class=\"elementor-element elementor-element-37407bc elementor-widget elementor-widget-text-editor\" data-id=\"37407bc\" data-element_type=\"widget\" data-widget_type=\"text-editor.default\">\n\t\t\t\t<div class=\"elementor-widget-container\">\n\t\t\t\t\t\t\t<div class=\"flex-shrink-0 flex flex-col relative items-end\"><div class=\"pt-0\"><div class=\"gizmo-bot-avatar flex h-8 w-8 items-center justify-center overflow-hidden rounded-full\"><div class=\"relative p-1 rounded-sm flex items-center justify-center bg-token-main-surface-primary text-token-text-primary h-8 w-8\"><p><strong>Kaporta Boya Paketi<\/strong><\/p><p>YAMANLAR Oto Ekspertiz\u2019in <strong>Kaporta Boya Paketi<\/strong>, arac\u0131n\u0131z\u0131n d\u0131\u015f y\u00fczeyiyle ilgili t\u00fcm detaylar\u0131 kapsar. Arac\u0131n kaportas\u0131 \u00fczerinde herhangi bir darbe, hasar, g\u00f6\u00e7\u00fck veya boya i\u015flemi olup olmad\u0131\u011f\u0131 profesyonel ekipmanlar ve uzman g\u00f6zlemlerle kontrol edilir.<\/p><p>Bu paket sayesinde, arac\u0131n\u0131z\u0131n boyas\u0131nda sonradan yap\u0131lan m\u00fcdahaleler veya fabrika \u00e7\u0131k\u0131\u015f\u0131 orijinalli\u011fi hakk\u0131nda detayl\u0131 bir rapor alarak, arac\u0131n\u0131z\u0131n ge\u00e7mi\u015fiyle ilgili net bilgilere sahip olabilirsiniz.<\/p><\/div><\/div><\/div><\/div>\t\t\t\t\t\t<\/div>\n\t\t\t\t<\/div>\n\t\t\t\t<\/div>\n\t\t\t\t\t<\/div>\n\t\t\t\t<\/div>\n\t\t\t\t<\/div>\n\t\t","protected":false},"excerpt":{"rendered":"<p>Kaporta Boya Paketi YAMANLAR Oto Ekspertiz\u2019in Kaporta Boya Paketi, arac\u0131n\u0131z\u0131n d\u0131\u015f y\u00fczeyiyle ilgili t\u00fcm detaylar\u0131 kapsar. Arac\u0131n kaportas\u0131 \u00fczerinde herhangi bir darbe, hasar, g\u00f6\u00e7\u00fck veya boya i\u015flemi olup olmad\u0131\u011f\u0131 profesyonel ekipmanlar ve uzman g\u00f6zlemlerle kontrol edilir. Bu paket sayesinde, arac\u0131n\u0131z\u0131n boyas\u0131nda sonradan yap\u0131lan m\u00fcdahaleler veya fabrika \u00e7\u0131k\u0131\u015f\u0131 orijinalli\u011fi hakk\u0131nda detayl\u0131 bir rapor alarak, arac\u0131n\u0131z\u0131n ge\u00e7mi\u015fiyle [&hellip;]<\/p>\n","protected":false},"author":1,"featured_media":0,"parent":0,"menu_order":0,"comment_status":"closed","ping_status":"closed","template":"","meta":{"footnotes":""},"class_list":["post-441","page","type-page","status-publish","hentry"],"_links":{"self":[{"href":"https:\/\/yamanlarkocaeli.com\/index.php\/wp-json\/wp\/v2\/pages\/441","targetHints":{"allow":["GET"]}}],"collection":[{"href":"https:\/\/yamanlarkocaeli.com\/index.php\/wp-json\/wp\/v2\/pages"}],"about":[{"href":"https:\/\/yamanlarkocaeli.com\/index.php\/wp-json\/wp\/v2\/types\/page"}],"author":[{"embeddable":true,"href":"https:\/\/yamanlarkocaeli.com\/index.php\/wp-json\/wp\/v2\/users\/1"}],"replies":[{"embeddable":true,"href":"https:\/\/yamanlarkocaeli.com\/index.php\/wp-json\/wp\/v2\/comments?post=441"}],"version-history":[{"count":13,"href":"https:\/\/yamanlarkocaeli.com\/index.php\/wp-json\/wp\/v2\/pages\/441\/revisions"}],"predecessor-version":[{"id":811,"href":"https:\/\/yamanlarkocaeli.com\/index.php\/wp-json\/wp\/v2\/pages\/441\/revisions\/811"}],"wp:attachment":[{"href":"https:\/\/yamanlarkocaeli.com\/index.php\/wp-json\/wp\/v2\/media?parent=441"}],"curies":[{"name":"wp","href":"https:\/\/api.w.org\/{rel}","templated":true}]}}