{"id":456,"date":"2024-09-16T16:21:42","date_gmt":"2024-09-16T16:21:42","guid":{"rendered":"https:\/\/yamanlarkocaeli.com\/?page_id=456"},"modified":"2025-04-01T21:21:11","modified_gmt":"2025-04-01T21:21:11","slug":"yamanlar-oto-ekspertiz-motorsiklet-ekspertiz-paketi","status":"publish","type":"page","link":"https:\/\/yamanlarkocaeli.com\/index.php\/yamanlar-oto-ekspertiz-motorsiklet-ekspertiz-paketi\/","title":{"rendered":"Yamanlar Oto Ekspertiz Motorsiklet Ekspertiz Paketi"},"content":{"rendered":"\t\t<div data-elementor-type=\"wp-page\" data-elementor-id=\"456\" class=\"elementor elementor-456\">\n\t\t\t\t<div class=\"elementor-element elementor-element-c2bdeff e-flex e-con-boxed e-con e-parent\" data-id=\"c2bdeff\" data-element_type=\"container\">\n\t\t\t\t\t<div class=\"e-con-inner\">\n\t\t<div class=\"elementor-element elementor-element-0efb05e e-con-full e-flex e-con e-child\" data-id=\"0efb05e\" data-element_type=\"container\">\n\t\t\t\t<div class=\"elementor-element elementor-element-37407bc elementor-widget elementor-widget-text-editor\" data-id=\"37407bc\" data-element_type=\"widget\" data-widget_type=\"text-editor.default\">\n\t\t\t\t<div class=\"elementor-widget-container\">\n\t\t\t\t\t\t\t<div class=\"flex-shrink-0 flex flex-col relative items-end\"><div class=\"pt-0\"><div class=\"gizmo-bot-avatar flex h-8 w-8 items-center justify-center overflow-hidden rounded-full\"><div class=\"relative p-1 rounded-sm flex items-center justify-center bg-token-main-surface-primary text-token-text-primary h-8 w-8\"><p><strong>Motorsiklet Ekspertizi<\/strong><\/p><p>YAMANLAR Oto Ekspertiz\u2019in <strong>Motorsiklet Ekspertizi<\/strong> paketi, motosikletinizin her y\u00f6n\u00fcyle detayl\u0131 bir incelemesini sunar. Bu kapsamda:<\/p><ul><li><strong>Granaj Kontrol\u00fc<\/strong>: D\u0131\u015f kaplamalar\u0131n durumu incelenir, \u00e7izik, \u00e7atlak veya hasar olup olmad\u0131\u011f\u0131 tespit edilir.<\/li><li><strong>\u015ease Kontrol\u00fc<\/strong>: Motosikletin \u015fasesi kontrol edilerek, herhangi bir e\u011filme, \u00e7atlak veya onar\u0131m olup olmad\u0131\u011f\u0131 detayl\u0131 bir \u015fekilde rapor edilir.<\/li><li><strong>Dyno Test<\/strong>: Motosikletinizin motor g\u00fcc\u00fc ve performans\u0131 test edilir.<\/li><li><strong>Yol Testi<\/strong>: Motosikletin s\u00fcr\u00fc\u015f performans\u0131, frenleme, direksiyon kontrol\u00fc ve genel kullan\u0131m durumu yol testi ile de\u011ferlendirilir.<\/li><li><strong>Lastik Kontrol\u00fc<\/strong>: Lastiklerin a\u015f\u0131nma durumu, bas\u0131nc\u0131 ve genel yap\u0131sal durumu kontrol edilir.<\/li><\/ul><p>Bu detayl\u0131 ekspertiz sayesinde, motosikletinizin durumu hakk\u0131nda g\u00fcvenilir ve kapsaml\u0131 bir rapora sahip olabilirsiniz.<\/p><\/div><\/div><\/div><\/div>\t\t\t\t\t\t<\/div>\n\t\t\t\t<\/div>\n\t\t\t\t<\/div>\n\t\t\t\t\t<\/div>\n\t\t\t\t<\/div>\n\t\t\t\t<\/div>\n\t\t","protected":false},"excerpt":{"rendered":"<p>Motorsiklet Ekspertizi YAMANLAR Oto Ekspertiz\u2019in Motorsiklet Ekspertizi paketi, motosikletinizin her y\u00f6n\u00fcyle detayl\u0131 bir incelemesini sunar. Bu kapsamda: Granaj Kontrol\u00fc: D\u0131\u015f kaplamalar\u0131n durumu incelenir, \u00e7izik, \u00e7atlak veya hasar olup olmad\u0131\u011f\u0131 tespit edilir. \u015ease Kontrol\u00fc: Motosikletin \u015fasesi kontrol edilerek, herhangi bir e\u011filme, \u00e7atlak veya onar\u0131m olup olmad\u0131\u011f\u0131 detayl\u0131 bir \u015fekilde rapor edilir. Dyno Test: Motosikletinizin motor g\u00fcc\u00fc [&hellip;]<\/p>\n","protected":false},"author":1,"featured_media":0,"parent":0,"menu_order":0,"comment_status":"closed","ping_status":"closed","template":"","meta":{"footnotes":""},"class_list":["post-456","page","type-page","status-publish","hentry"],"_links":{"self":[{"href":"https:\/\/yamanlarkocaeli.com\/index.php\/wp-json\/wp\/v2\/pages\/456","targetHints":{"allow":["GET"]}}],"collection":[{"href":"https:\/\/yamanlarkocaeli.com\/index.php\/wp-json\/wp\/v2\/pages"}],"about":[{"href":"https:\/\/yamanlarkocaeli.com\/index.php\/wp-json\/wp\/v2\/types\/page"}],"author":[{"embeddable":true,"href":"https:\/\/yamanlarkocaeli.com\/index.php\/wp-json\/wp\/v2\/users\/1"}],"replies":[{"embeddable":true,"href":"https:\/\/yamanlarkocaeli.com\/index.php\/wp-json\/wp\/v2\/comments?post=456"}],"version-history":[{"count":13,"href":"https:\/\/yamanlarkocaeli.com\/index.php\/wp-json\/wp\/v2\/pages\/456\/revisions"}],"predecessor-version":[{"id":817,"href":"https:\/\/yamanlarkocaeli.com\/index.php\/wp-json\/wp\/v2\/pages\/456\/revisions\/817"}],"wp:attachment":[{"href":"https:\/\/yamanlarkocaeli.com\/index.php\/wp-json\/wp\/v2\/media?parent=456"}],"curies":[{"name":"wp","href":"https:\/\/api.w.org\/{rel}","templated":true}]}}